{"id":1774,"date":"2025-10-22T10:50:35","date_gmt":"2025-10-22T10:50:35","guid":{"rendered":"https:\/\/www.nice-pamelas-bar.com\/salle-privative\/"},"modified":"2025-12-12T13:03:08","modified_gmt":"2025-12-12T13:03:08","slug":"private-room","status":"publish","type":"page","link":"https:\/\/www.nice-pamelas-bar.com\/en\/private-room\/","title":{"rendered":"Private room"},"content":{"rendered":"\t\t<div data-elementor-type=\"wp-page\" data-elementor-id=\"1774\" class=\"elementor elementor-1774 elementor-1673\" data-elementor-post-type=\"page\">\n\t\t\t\t<div class=\"elementor-element elementor-element-211f53a e-flex e-con-boxed e-con e-parent\" data-id=\"211f53a\" data-element_type=\"container\" data-e-type=\"container\" data-settings=\"{&quot;background_background&quot;:&quot;classic&quot;}\">\n\t\t\t\t\t<div class=\"e-con-inner\">\n\t\t\t\t<div class=\"elementor-element elementor-element-80bf4bf elementor-widget__width-inherit elementor-widget elementor-widget-heading\" data-id=\"80bf4bf\" data-element_type=\"widget\" data-e-type=\"widget\" data-widget_type=\"heading.default\">\n\t\t\t\t\t<h1 class=\"elementor-heading-title elementor-size-default\">Private room<\/h1>\t\t\t\t<\/div>\n\t\t\t\t\t<\/div>\n\t\t\t\t<\/div>\n\t\t<div class=\"elementor-element elementor-element-1b5674b e-con-full e-flex e-con e-parent\" data-id=\"1b5674b\" data-element_type=\"container\" data-e-type=\"container\" data-settings=\"{&quot;background_background&quot;:&quot;classic&quot;}\">\n\t\t\t\t<div class=\"elementor-element elementor-element-8052ec7 elementor-widget elementor-widget-image\" data-id=\"8052ec7\" data-element_type=\"widget\" data-e-type=\"widget\" data-widget_type=\"image.default\">\n\t\t\t\t\t\t\t\t\t\t\t\t\t\t\t<img fetchpriority=\"high\" decoding=\"async\" width=\"2000\" height=\"72\" src=\"https:\/\/www.nice-pamelas-bar.com\/wp-content\/uploads\/2025\/03\/Illustration-Pamelas-Bar-Nice.webp\" class=\"attachment-full size-full wp-image-764\" alt=\"Bar int\u00e9rieur style vintage - Pamela\u2019s Bar Nice\" srcset=\"https:\/\/www.nice-pamelas-bar.com\/wp-content\/uploads\/2025\/03\/Illustration-Pamelas-Bar-Nice.webp 2000w, https:\/\/www.nice-pamelas-bar.com\/wp-content\/uploads\/2025\/03\/Illustration-Pamelas-Bar-Nice-300x11.webp 300w, https:\/\/www.nice-pamelas-bar.com\/wp-content\/uploads\/2025\/03\/Illustration-Pamelas-Bar-Nice-1024x37.webp 1024w, https:\/\/www.nice-pamelas-bar.com\/wp-content\/uploads\/2025\/03\/Illustration-Pamelas-Bar-Nice-768x28.webp 768w, https:\/\/www.nice-pamelas-bar.com\/wp-content\/uploads\/2025\/03\/Illustration-Pamelas-Bar-Nice-1536x55.webp 1536w\" sizes=\"(max-width: 2000px) 100vw, 2000px\" \/>\t\t\t\t\t\t\t\t\t\t\t\t\t\t\t<\/div>\n\t\t\t\t<\/div>\n\t\t<div class=\"elementor-element elementor-element-66b830a e-con-full e-flex e-con e-parent\" data-id=\"66b830a\" data-element_type=\"container\" data-e-type=\"container\" data-settings=\"{&quot;background_background&quot;:&quot;classic&quot;}\">\n\t\t<div class=\"elementor-element elementor-element-513079c e-con-full e-flex e-con e-child\" data-id=\"513079c\" data-element_type=\"container\" data-e-type=\"container\" data-settings=\"{&quot;background_background&quot;:&quot;classic&quot;}\">\n\t\t\t\t<\/div>\n\t\t<div class=\"elementor-element elementor-element-9ab1287 e-con-full e-flex e-con e-child\" data-id=\"9ab1287\" data-element_type=\"container\" data-e-type=\"container\">\n\t\t\t\t<div class=\"elementor-element elementor-element-9b7f06e elementor-widget__width-initial elementor-widget elementor-widget-heading\" data-id=\"9b7f06e\" data-element_type=\"widget\" data-e-type=\"widget\" data-widget_type=\"heading.default\">\n\t\t\t\t\t<h2 class=\"elementor-heading-title elementor-size-default\">A place for your special moments<\/h2>\t\t\t\t<\/div>\n\t\t\t\t<div class=\"elementor-element elementor-element-8014ca1 elementor-widget__width-initial elementor-widget-tablet__width-inherit elementor-widget elementor-widget-text-editor\" data-id=\"8014ca1\" data-element_type=\"widget\" data-e-type=\"widget\" data-widget_type=\"text-editor.default\">\n\t\t\t\t\t\t\t\t\t<p><strong>Private hire<\/strong> our room for your events in Nice and turn your private moments into <strong>memorable experiences.<\/strong><\/p><p>Our private room, bathed in natural light thanks to its large window, offers a warm atmosphere, ideal for hosting around fifteen guests. Perfect for your birthdays, large dinners, or private activities, it can be configured according to your desires and style.<\/p><p>When it comes to food, Pamela&#8217;s Bar &amp; Restaurant treats you to homemade cuisine made from fresh ingredients: tailor-made menus, signature dishes, and gourmet creations that will delight your taste buds. Restaurant will treat you to homemade cuisine made from fresh ingredients: tailor-made menus, signature dishes, and gourmet creations that pull out all the stops.<\/p><p>And to accompany your meal, <strong>our bar<\/strong> offers a menu of original cocktails, carefully selected wines, and refreshing drinks to enjoy in a friendly atmosphere.<\/p><p>With <strong>wheelchair access<\/strong> and the option to reserve spaces in our <strong>private parking lot<\/strong> (for a fee), every detail has been thought out to ensure that your event runs smoothly and is as festive as possible.<\/p>\t\t\t\t\t\t\t\t<\/div>\n\t\t\t\t<\/div>\n\t\t\t\t<\/div>\n\t\t<div class=\"elementor-element elementor-element-738ab83 e-con-full e-flex e-con e-parent\" data-id=\"738ab83\" data-element_type=\"container\" data-e-type=\"container\" data-settings=\"{&quot;background_background&quot;:&quot;gradient&quot;}\">\n\t\t<div class=\"elementor-element elementor-element-62897c5 e-con-full e-flex e-con e-child\" data-id=\"62897c5\" data-element_type=\"container\" data-e-type=\"container\" data-settings=\"{&quot;background_background&quot;:&quot;classic&quot;}\">\n\t\t\t\t<div class=\"elementor-element elementor-element-fe3e8bb elementor-widget__width-initial elementor-absolute elementor-widget elementor-widget-image\" data-id=\"fe3e8bb\" data-element_type=\"widget\" data-e-type=\"widget\" data-settings=\"{&quot;_position&quot;:&quot;absolute&quot;}\" data-widget_type=\"image.default\">\n\t\t\t\t\t\t\t\t\t\t\t\t\t\t\t<img decoding=\"async\" width=\"163\" height=\"104\" src=\"https:\/\/www.nice-pamelas-bar.com\/wp-content\/uploads\/2025\/10\/illustration-lunette-Salle-privative-Pamelas-Bar-Nice.webp\" class=\"attachment-large size-large wp-image-1756\" alt=\"Illustration graphique de lunettes vertes style vintage\" \/>\t\t\t\t\t\t\t\t\t\t\t\t\t\t\t<\/div>\n\t\t\t\t<div class=\"elementor-element elementor-element-001452b elementor-widget__width-inherit elementor-widget elementor-widget-heading\" data-id=\"001452b\" data-element_type=\"widget\" data-e-type=\"widget\" data-widget_type=\"heading.default\">\n\t\t\t\t\t<h2 class=\"elementor-heading-title elementor-size-default\">Would you like to organize your event?<\/h2>\t\t\t\t<\/div>\n\t\t\t\t<div class=\"elementor-element elementor-element-5f3a82e elementor-widget elementor-widget-text-editor\" data-id=\"5f3a82e\" data-element_type=\"widget\" data-e-type=\"widget\" data-widget_type=\"text-editor.default\">\n\t\t\t\t\t\t\t\t\t<p>For any inquiries, quotes, or reservations regarding our private room and event offerings, please contact us directly at: <a href=\"mailto:fb@pamelasbar.com\"><strong>fb@pamelasbar.com<\/strong><\/a><\/p><p>Our team will be happy to assist you in organizing your events.<\/p>\t\t\t\t\t\t\t\t<\/div>\n\t\t\t\t<div class=\"elementor-element elementor-element-4893dbe elementor-align-left elementor-widget__width-initial btn-white-bg elementor-widget elementor-widget-button\" data-id=\"4893dbe\" data-element_type=\"widget\" data-e-type=\"widget\" data-widget_type=\"button.default\">\n\t\t\t\t\t\t\t\t\t\t<a class=\"elementor-button elementor-button-link elementor-size-sm\" href=\"mailto:fb@pamelasbar.com\" target=\"_blank\">\n\t\t\t\t\t\t<span class=\"elementor-button-content-wrapper\">\n\t\t\t\t\t\t\t\t\t<span class=\"elementor-button-text\">Contact us<\/span>\n\t\t\t\t\t<\/span>\n\t\t\t\t\t<\/a>\n\t\t\t\t\t\t\t\t<\/div>\n\t\t\t\t<\/div>\n\t\t<div class=\"elementor-element elementor-element-3cc65ae e-con-full e-flex e-con e-child\" data-id=\"3cc65ae\" data-element_type=\"container\" data-e-type=\"container\" data-settings=\"{&quot;background_background&quot;:&quot;classic&quot;}\">\n\t\t\t\t<\/div>\n\t\t\t\t<\/div>\n\t\t\t\t<section class=\"elementor-section elementor-top-section elementor-element elementor-element-677ce41 elementor-section-full_width elementor-section-height-default elementor-section-height-default\" data-id=\"677ce41\" data-element_type=\"section\" data-e-type=\"section\" data-settings=\"{&quot;background_background&quot;:&quot;classic&quot;}\">\n\t\t\t\t\t\t<div class=\"elementor-container elementor-column-gap-default\">\n\t\t\t\t\t<div class=\"elementor-column elementor-col-100 elementor-top-column elementor-element elementor-element-b17b488\" data-id=\"b17b488\" data-element_type=\"column\" data-e-type=\"column\">\n\t\t\t<div class=\"elementor-widget-wrap elementor-element-populated\">\n\t\t\t\t\t\t<div class=\"elementor-element elementor-element-eb0e4c7 elementor-arrows-position-inside elementor-widget elementor-widget-image-carousel\" data-id=\"eb0e4c7\" data-element_type=\"widget\" data-e-type=\"widget\" data-settings=\"{&quot;navigation&quot;:&quot;arrows&quot;,&quot;autoplay&quot;:&quot;yes&quot;,&quot;pause_on_hover&quot;:&quot;yes&quot;,&quot;pause_on_interaction&quot;:&quot;yes&quot;,&quot;autoplay_speed&quot;:5000,&quot;infinite&quot;:&quot;yes&quot;,&quot;speed&quot;:500,&quot;image_spacing_custom&quot;:{&quot;unit&quot;:&quot;px&quot;,&quot;size&quot;:20,&quot;sizes&quot;:[]},&quot;image_spacing_custom_widescreen&quot;:{&quot;unit&quot;:&quot;px&quot;,&quot;size&quot;:&quot;&quot;,&quot;sizes&quot;:[]},&quot;image_spacing_custom_laptop&quot;:{&quot;unit&quot;:&quot;px&quot;,&quot;size&quot;:&quot;&quot;,&quot;sizes&quot;:[]},&quot;image_spacing_custom_tablet&quot;:{&quot;unit&quot;:&quot;px&quot;,&quot;size&quot;:&quot;&quot;,&quot;sizes&quot;:[]},&quot;image_spacing_custom_mobile&quot;:{&quot;unit&quot;:&quot;px&quot;,&quot;size&quot;:&quot;&quot;,&quot;sizes&quot;:[]}}\" data-widget_type=\"image-carousel.default\">\n\t\t\t\t\t\t\t<div class=\"elementor-image-carousel-wrapper swiper\" role=\"region\" aria-roledescription=\"carousel\" aria-label=\"Carrousel d\u2019images\" dir=\"ltr\">\n\t\t\t<div class=\"elementor-image-carousel swiper-wrapper\" aria-live=\"off\">\n\t\t\t\t\t\t\t\t<div class=\"swiper-slide\" role=\"group\" aria-roledescription=\"slide\" aria-label=\"1 of 7\"><figure class=\"swiper-slide-inner\"><img decoding=\"async\" class=\"swiper-slide-image\" src=\"https:\/\/www.nice-pamelas-bar.com\/wp-content\/uploads\/2025\/12\/assortiment-dips-mezze-maison.jpg\" alt=\"Hummus, pain pita et chips tortilla avec agrumes et guacamole\" \/><\/figure><\/div><div class=\"swiper-slide\" role=\"group\" aria-roledescription=\"slide\" aria-label=\"2 of 7\"><figure class=\"swiper-slide-inner\"><img decoding=\"async\" class=\"swiper-slide-image\" src=\"https:\/\/www.nice-pamelas-bar.com\/wp-content\/uploads\/2025\/03\/Pamelas-bar-a-cocktails-nice-promenade.webp\" alt=\"pamelas bar tapas nice centre\" \/><\/figure><\/div><div class=\"swiper-slide\" role=\"group\" aria-roledescription=\"slide\" aria-label=\"3 of 7\"><figure class=\"swiper-slide-inner\"><img decoding=\"async\" class=\"swiper-slide-image\" src=\"https:\/\/www.nice-pamelas-bar.com\/wp-content\/uploads\/2025\/03\/soiree-live-musique-nice-bar-Pamelas.webp\" alt=\"Soir\u00e9e live musique - Nice Bar Pamelas\" \/><\/figure><\/div><div class=\"swiper-slide\" role=\"group\" aria-roledescription=\"slide\" aria-label=\"4 of 7\"><figure class=\"swiper-slide-inner\"><img decoding=\"async\" class=\"swiper-slide-image\" src=\"https:\/\/www.nice-pamelas-bar.com\/wp-content\/uploads\/2025\/12\/salle-privative-pamelas-nice.jpg\" alt=\"Grande table dress\u00e9e avec lumi\u00e8res d\u2019ambiance dans une salle privative en location \u00e0 nice\" \/><\/figure><\/div><div class=\"swiper-slide\" role=\"group\" aria-roledescription=\"slide\" aria-label=\"5 of 7\"><figure class=\"swiper-slide-inner\"><img decoding=\"async\" class=\"swiper-slide-image\" src=\"https:\/\/www.nice-pamelas-bar.com\/wp-content\/uploads\/2025\/12\/reserver-salle-privative-nice.jpg\" alt=\"Table dress\u00e9e avec lampe dor\u00e9e et menu Pamelas pour privatisation\" \/><\/figure><\/div><div class=\"swiper-slide\" role=\"group\" aria-roledescription=\"slide\" aria-label=\"6 of 7\"><figure class=\"swiper-slide-inner\"><img decoding=\"async\" class=\"swiper-slide-image\" src=\"https:\/\/www.nice-pamelas-bar.com\/wp-content\/uploads\/2025\/12\/reserver-salle-privative-nice-pam-hotel.jpg\" alt=\"Table dress\u00e9e avec condiments et lumi\u00e8re tamis\u00e9e dans salle privative \u00e0 Nice\" \/><\/figure><\/div><div class=\"swiper-slide\" role=\"group\" aria-roledescription=\"slide\" aria-label=\"7 of 7\"><figure class=\"swiper-slide-inner\"><img decoding=\"async\" class=\"swiper-slide-image\" src=\"https:\/\/www.nice-pamelas-bar.com\/wp-content\/uploads\/2025\/12\/diner-privatif-salle-nice.jpg\" alt=\"Grande table dress\u00e9e avec lumi\u00e8re douce dans salle privative Pamelas\" \/><\/figure><\/div>\t\t\t<\/div>\n\t\t\t\t\t\t\t\t\t\t\t\t<div class=\"elementor-swiper-button elementor-swiper-button-prev\" role=\"button\" tabindex=\"0\">\n\t\t\t\t\t\t<i aria-hidden=\"true\" class=\"eicon-chevron-left\"><\/i>\t\t\t\t\t<\/div>\n\t\t\t\t\t<div class=\"elementor-swiper-button elementor-swiper-button-next\" role=\"button\" tabindex=\"0\">\n\t\t\t\t\t\t<i aria-hidden=\"true\" class=\"eicon-chevron-right\"><\/i>\t\t\t\t\t<\/div>\n\t\t\t\t\n\t\t\t\t\t\t\t\t\t<\/div>\n\t\t\t\t\t\t<\/div>\n\t\t\t\t\t<\/div>\n\t\t<\/div>\n\t\t\t\t\t<\/div>\n\t\t<\/section>\n\t\t\t\t<\/div>\n\t\t","protected":false},"excerpt":{"rendered":"<p>A place for your special moments Private hire our room for your events in Nice and turn your private moments into memorable experiences. Our private room, bathed in natural light thanks to its large window, offers a warm atmosphere, ideal for hosting around fifteen guests. Perfect for your birthdays, large dinners, or private activities, it [&hellip;]<\/p>\n","protected":false},"author":1,"featured_media":1916,"parent":0,"menu_order":0,"comment_status":"closed","ping_status":"closed","template":"","meta":{"_acf_changed":false,"footnotes":""},"class_list":["post-1774","page","type-page","status-publish","has-post-thumbnail","hentry"],"acf":[],"_links":{"self":[{"href":"https:\/\/www.nice-pamelas-bar.com\/en\/wp-json\/wp\/v2\/pages\/1774","targetHints":{"allow":["GET"]}}],"collection":[{"href":"https:\/\/www.nice-pamelas-bar.com\/en\/wp-json\/wp\/v2\/pages"}],"about":[{"href":"https:\/\/www.nice-pamelas-bar.com\/en\/wp-json\/wp\/v2\/types\/page"}],"author":[{"embeddable":true,"href":"https:\/\/www.nice-pamelas-bar.com\/en\/wp-json\/wp\/v2\/users\/1"}],"replies":[{"embeddable":true,"href":"https:\/\/www.nice-pamelas-bar.com\/en\/wp-json\/wp\/v2\/comments?post=1774"}],"version-history":[{"count":25,"href":"https:\/\/www.nice-pamelas-bar.com\/en\/wp-json\/wp\/v2\/pages\/1774\/revisions"}],"predecessor-version":[{"id":2037,"href":"https:\/\/www.nice-pamelas-bar.com\/en\/wp-json\/wp\/v2\/pages\/1774\/revisions\/2037"}],"wp:featuredmedia":[{"embeddable":true,"href":"https:\/\/www.nice-pamelas-bar.com\/en\/wp-json\/wp\/v2\/media\/1916"}],"wp:attachment":[{"href":"https:\/\/www.nice-pamelas-bar.com\/en\/wp-json\/wp\/v2\/media?parent=1774"}],"curies":[{"name":"wp","href":"https:\/\/api.w.org\/{rel}","templated":true}]}}